{"id":15,"date":"2024-09-25T02:21:08","date_gmt":"2024-09-25T02:21:08","guid":{"rendered":"https:\/\/cardiologiauio.com\/?page_id=15"},"modified":"2024-10-01T18:58:42","modified_gmt":"2024-10-01T18:58:42","slug":"inicio","status":"publish","type":"page","link":"https:\/\/cardiologiauio.com\/","title":{"rendered":"Inicio"},"content":{"rendered":"\n\t<section class=\"section\" id=\"section_2029727921\">\n\t\t<div class=\"section-bg fill\" >\n\t\t\t\t\t\t\t\t\t<div class=\"section-bg-overlay absolute fill\"><\/div>\n\t\t\t\n\t<div class=\"is-border\"\n\t\tstyle=\"border-color:rgb(255, 255, 255);border-width:0px 0px 150px 0px;\">\n\t<\/div>\n\n\t\t<\/div>\n\n\t\t\n\n\t\t<div class=\"section-content relative\">\n\t\t\t\n<div class=\"row align-middle\"  id=\"row-725703812\">\n\n\t<div id=\"col-208438493\" class=\"col medium-6 small-12 large-6\"  >\n\t\t\t\t<div class=\"col-inner\"  >\n\t\t\t\n\t\t\t\n\t<div class=\"img has-hover cardio x md-x lg-x y md-y lg-y\" id=\"image_680248611\">\n\t\t\t\t\t\t\t\t<div class=\"img-inner image-cover dark\" style=\"padding-top:100%;\">\n\t\t\t<img loading=\"lazy\" decoding=\"async\" width=\"2080\" height=\"1386\" src=\"https:\/\/cardiologiauio.com\/wp-content\/uploads\/2024\/09\/cardiologiauio-Quito-cardiologia-82.jpg\" class=\"attachment-original size-original\" alt=\"\" srcset=\"https:\/\/cardiologiauio.com\/wp-content\/uploads\/2024\/09\/cardiologiauio-Quito-cardiologia-82.jpg 2080w, https:\/\/cardiologiauio.com\/wp-content\/uploads\/2024\/09\/cardiologiauio-Quito-cardiologia-82-300x200.jpg 300w, https:\/\/cardiologiauio.com\/wp-content\/uploads\/2024\/09\/cardiologiauio-Quito-cardiologia-82-1024x682.jpg 1024w, https:\/\/cardiologiauio.com\/wp-content\/uploads\/2024\/09\/cardiologiauio-Quito-cardiologia-82-768x512.jpg 768w, https:\/\/cardiologiauio.com\/wp-content\/uploads\/2024\/09\/cardiologiauio-Quito-cardiologia-82-1536x1024.jpg 1536w, https:\/\/cardiologiauio.com\/wp-content\/uploads\/2024\/09\/cardiologiauio-Quito-cardiologia-82-2048x1365.jpg 2048w\" sizes=\"auto, (max-width: 2080px) 100vw, 2080px\" \/>\t\t\t\t\t\t\n\t\t\t\t\t<\/div>\n\t\t\t\t\t\t\t\t\n<style>\n#image_680248611 {\n  width: 100%;\n}\n<\/style>\n\t<\/div>\n\t\n\t\t<\/div>\n\t\t\t\t\t<\/div>\n\n\t\n\n\t<div id=\"col-504786108\" class=\"col medium-6 small-12 large-6\"  >\n\t\t\t\t<div class=\"col-inner\"  >\n\t\t\t\n\t\t\t\n\t<div id=\"text-4068031056\" class=\"text\">\n\t\t\n<h2>Dr. Juan Carlos Gaibor<\/h2>\n\t\t\n<style>\n#text-4068031056 {\n  font-size: 1.3rem;\n}\n@media (min-width:550px) {\n  #text-4068031056 {\n    font-size: 0.75rem;\n  }\n}\n<\/style>\n\t<\/div>\n\t\n\t<div id=\"text-4268877312\" class=\"text\">\n\t\t\n<h1>Un <span style=\"color: #e2211c;\"><strong>coraz\u00f3n sano<br \/><\/strong><\/span>es un <span style=\"color: #e2211c;\"><strong>coraz\u00f3n feliz<\/strong><\/span><\/h1>\n\t\t\n<style>\n#text-4268877312 {\n  font-size: 1.95rem;\n  line-height: 0.75;\n}\n@media (min-width:550px) {\n  #text-4268877312 {\n    font-size: 2.2rem;\n  }\n}\n<\/style>\n\t<\/div>\n\t\n<p>Especialista en cuidar tu coraz\u00f3n, el motor que impulsa tu vida. Tu salud es mi prioridad.<\/p>\n<a href=\"https:\/\/api.whatsapp.com\/send?phone=593959744207\" class=\"button primary is-outline\"  style=\"border-radius:99px;padding:10px 5% 10px 5%;\">\n\t\t<span>Agenda tu cita<\/span>\n\t<\/a>\n\n<a href=\"https:\/\/api.whatsapp.com\/send?phone=593999091041\" class=\"button secondary\"  style=\"border-radius:99px;padding:10px 5% 10px 5%;\">\n\t\t<span>Urgencias<\/span>\n\t<\/a>\n\n\t\t<\/div>\n\t\t\t\t\n<style>\n#col-504786108 > .col-inner {\n  padding: 5% 5% 5% 5%;\n}\n<\/style>\n\t<\/div>\n\n\t\n<\/div>\n\t\t<\/div>\n\n\t\t\n<style>\n#section_2029727921 {\n  padding-top: 30px;\n  padding-bottom: 30px;\n  min-height: 700px;\n  background-color: rgb(240, 240, 240);\n}\n#section_2029727921 .section-bg-overlay {\n  background-color: rgba(240, 240, 240, 0.884);\n}\n<\/style>\n\t<\/section>\n\t\n\n\t<section class=\"section\" id=\"section_797828946\">\n\t\t<div class=\"section-bg fill\" >\n\t\t\t\t\t\t\t\t\t\n\t\t\t\n\n\t\t<\/div>\n\n\t\t\n\n\t\t<div class=\"section-content relative\">\n\t\t\t\n<div class=\"row\"  id=\"row-1974897960\">\n\n\t<div id=\"col-1500151585\" class=\"col small-12 large-12\"  >\n\t\t\t\t<div class=\"col-inner\"  >\n\t\t\t\n\t\t\t\n<div class=\"row align-center\"  id=\"row-1252198033\">\n\n\t<div id=\"col-1710888488\" class=\"col medium-8 small-12 large-8\"  >\n\t\t\t\t<div class=\"col-inner text-center\"  >\n\t\t\t\n\t\t\t\n<h3>Acerca de m\u00ed<\/h3>\n\t<div id=\"text-2470289693\" class=\"text\">\n\t\t\n<h2>Hola! soy el<br \/>Dr. Juan Carlos Gaibor<\/h2>\n\t\t\n<style>\n#text-2470289693 {\n  font-size: 1.3rem;\n}\n@media (min-width:550px) {\n  #text-2470289693 {\n    font-size: 2.5rem;\n  }\n}\n<\/style>\n\t<\/div>\n\t\n<a href=\"https:\/\/cardiologiauio.com\/index.php\/sobre-el-dr-gaibor\/\" class=\"button primary is-underline\"  >\n\t\t<span>saber m\u00e1s de mi<\/span>\n\t<\/a>\n\n\t\t<\/div>\n\t\t\t\t\t<\/div>\n\n\t\n<\/div>\n\t\t<\/div>\n\t\t\t\t\t<\/div>\n\n\t\n<\/div>\n\t\t<\/div>\n\n\t\t\n<style>\n#section_797828946 {\n  padding-top: 30px;\n  padding-bottom: 30px;\n}\n<\/style>\n\t<\/section>\n\t\n\n\t<section class=\"section\" id=\"section_2025525386\">\n\t\t<div class=\"section-bg fill\" >\n\t\t\t\t\t\t\t\t\t\n\t\t\t\n\n\t\t<\/div>\n\n\t\t\n\n\t\t<div class=\"section-content relative\">\n\t\t\t\n<div class=\"row align-middle\"  id=\"row-1838686979\">\n\n\t<div id=\"col-674601354\" class=\"col medium-6 small-12 large-6\"  >\n\t\t\t\t<div class=\"col-inner\"  >\n\t\t\t\n\t\t\t\n  <div class=\"banner-grid-wrapper\">\n  <div id=\"banner-grid-1844326556\" class=\"banner-grid row row-grid row-small\" data-packery-options=\"\">\n                      \n<div class=\"col grid-col large-6 grid-col-1\" ><div class=\"col-inner\">\n\t<div class=\"img has-hover x md-x lg-x y md-y lg-y\" id=\"image_1410235718\">\n\t\t\t\t\t\t\t\t<div class=\"img-inner dark\" >\n\t\t\t<img loading=\"lazy\" decoding=\"async\" width=\"683\" height=\"1024\" src=\"https:\/\/cardiologiauio.com\/wp-content\/uploads\/2024\/09\/cardiologiauio-Quito-cardiologia-93-683x1024.jpg\" class=\"attachment-large size-large\" alt=\"\" srcset=\"https:\/\/cardiologiauio.com\/wp-content\/uploads\/2024\/09\/cardiologiauio-Quito-cardiologia-93-683x1024.jpg 683w, https:\/\/cardiologiauio.com\/wp-content\/uploads\/2024\/09\/cardiologiauio-Quito-cardiologia-93-200x300.jpg 200w, https:\/\/cardiologiauio.com\/wp-content\/uploads\/2024\/09\/cardiologiauio-Quito-cardiologia-93-768x1152.jpg 768w, https:\/\/cardiologiauio.com\/wp-content\/uploads\/2024\/09\/cardiologiauio-Quito-cardiologia-93-1024x1536.jpg 1024w, https:\/\/cardiologiauio.com\/wp-content\/uploads\/2024\/09\/cardiologiauio-Quito-cardiologia-93-1366x2048.jpg 1366w, https:\/\/cardiologiauio.com\/wp-content\/uploads\/2024\/09\/cardiologiauio-Quito-cardiologia-93.jpg 1387w\" sizes=\"auto, (max-width: 683px) 100vw, 683px\" \/>\t\t\t\t\t\t\n\t\t\t\t\t<\/div>\n\t\t\t\t\t\t\t\t\n<style>\n#image_1410235718 {\n  width: 100%;\n}\n<\/style>\n\t<\/div>\n\t\n<\/div><\/div>\n<div class=\"col grid-col large-6 grid-col-2-3\" ><div class=\"col-inner\">\n\t<div class=\"img has-hover x md-x lg-x y md-y lg-y\" id=\"image_232670593\">\n\t\t\t\t\t\t\t\t<div class=\"img-inner dark\" >\n\t\t\t<img loading=\"lazy\" decoding=\"async\" width=\"683\" height=\"1024\" src=\"https:\/\/cardiologiauio.com\/wp-content\/uploads\/2024\/09\/cardiologiauio-Quito-cardiologia-54-683x1024.jpg\" class=\"attachment-large size-large\" alt=\"\" srcset=\"https:\/\/cardiologiauio.com\/wp-content\/uploads\/2024\/09\/cardiologiauio-Quito-cardiologia-54-683x1024.jpg 683w, https:\/\/cardiologiauio.com\/wp-content\/uploads\/2024\/09\/cardiologiauio-Quito-cardiologia-54-200x300.jpg 200w, https:\/\/cardiologiauio.com\/wp-content\/uploads\/2024\/09\/cardiologiauio-Quito-cardiologia-54-768x1152.jpg 768w, https:\/\/cardiologiauio.com\/wp-content\/uploads\/2024\/09\/cardiologiauio-Quito-cardiologia-54-1024x1536.jpg 1024w, https:\/\/cardiologiauio.com\/wp-content\/uploads\/2024\/09\/cardiologiauio-Quito-cardiologia-54-1366x2048.jpg 1366w, https:\/\/cardiologiauio.com\/wp-content\/uploads\/2024\/09\/cardiologiauio-Quito-cardiologia-54.jpg 1387w\" sizes=\"auto, (max-width: 683px) 100vw, 683px\" \/>\t\t\t\t\t\t\n\t\t\t\t\t<\/div>\n\t\t\t\t\t\t\t\t\n<style>\n#image_232670593 {\n  width: 100%;\n}\n<\/style>\n\t<\/div>\n\t\n<\/div><\/div>\n<div class=\"col grid-col large-6 grid-col-1-3\" ><div class=\"col-inner\">\n\t<div class=\"img has-hover x md-x lg-x y md-y lg-y\" id=\"image_572255058\">\n\t\t\t\t\t\t\t\t<div class=\"img-inner dark\" >\n\t\t\t<img loading=\"lazy\" decoding=\"async\" width=\"1020\" height=\"680\" src=\"https:\/\/cardiologiauio.com\/wp-content\/uploads\/2024\/09\/cardiologiauio-Quito-cardiologia-102-1024x683.jpg\" class=\"attachment-large size-large\" alt=\"\" srcset=\"https:\/\/cardiologiauio.com\/wp-content\/uploads\/2024\/09\/cardiologiauio-Quito-cardiologia-102-1024x683.jpg 1024w, https:\/\/cardiologiauio.com\/wp-content\/uploads\/2024\/09\/cardiologiauio-Quito-cardiologia-102-300x200.jpg 300w, https:\/\/cardiologiauio.com\/wp-content\/uploads\/2024\/09\/cardiologiauio-Quito-cardiologia-102-768x512.jpg 768w, https:\/\/cardiologiauio.com\/wp-content\/uploads\/2024\/09\/cardiologiauio-Quito-cardiologia-102-1536x1025.jpg 1536w, https:\/\/cardiologiauio.com\/wp-content\/uploads\/2024\/09\/cardiologiauio-Quito-cardiologia-102-2048x1367.jpg 2048w\" sizes=\"auto, (max-width: 1020px) 100vw, 1020px\" \/>\t\t\t\t\t\t\n\t\t\t\t\t<\/div>\n\t\t\t\t\t\t\t\t\n<style>\n#image_572255058 {\n  width: 100%;\n}\n<\/style>\n\t<\/div>\n\t\n<\/div><\/div>\n            <\/div>\n    <style>\n    #banner-grid-1844326556 .grid-col-1{height: 672px}\n    #banner-grid-1844326556 .grid-col-1-2{height: 336px}\n    #banner-grid-1844326556 .grid-col-1-3{height:224px}\n    #banner-grid-1844326556 .grid-col-2-3{height: 448px}\n    #banner-grid-1844326556 .grid-col-1-4{height: 168px}\n    #banner-grid-1844326556 .grid-col-3-4{height: 504px}\n\n\n    \n    \n\n  <\/style>\n    <\/div>\n  \n\t\t<\/div>\n\t\t\t\t\t<\/div>\n\n\t\n\n\t<div id=\"col-1640579323\" class=\"col medium-6 small-12 large-6\"  >\n\t\t\t\t<div class=\"col-inner\"  >\n\t\t\t\n\t\t\t\n<h3>Mi experiencia profesional<\/h3>\n\t<div id=\"text-102052840\" class=\"text\">\n\t\t\n<h2>\u00bfPor qu\u00e9 <strong><span style=\"color: #e2211c;\">necesitas<\/span> <\/strong>un <span style=\"color: #e2211c;\"><strong>cardi\u00f3logo<\/strong><\/span>?<\/h2>\n\t\t\n<style>\n#text-102052840 {\n  font-size: 1.3rem;\n}\n@media (min-width:550px) {\n  #text-102052840 {\n    font-size: 2.5rem;\n  }\n}\n<\/style>\n\t<\/div>\n\t\n<p style=\"text-align: justify;\">La cardiolog\u00eda es una rama vital de la medicina que se enfoca en el diagn\u00f3stico, tratamiento y prevenci\u00f3n de las enfermedades del coraz\u00f3n y los vasos sangu\u00edneos. Las patolog\u00edas cardiovasculares son una de las principales causas de muerte a nivel mundial, por lo que contar con el apoyo de un especialista en este campo es esencial para mantener una buena salud card\u00edaca.<\/p>\n<p style=\"text-align: justify;\">El Dr. Juan Carlos Gaibor Barba, cardi\u00f3logo cl\u00ednico e intervencionista, combina una s\u00f3lida formaci\u00f3n acad\u00e9mica con amplia experiencia profesional. Actualmente, trabaja en instituciones de renombre como el Hospital Metropolitano y el Hospital Eugenio Espejo en Quito. Adem\u00e1s, participa activamente en la promoci\u00f3n de la salud cardiovascular a trav\u00e9s de la iniciativa \u00abExercise is Medicine\u00bb, destacando la importancia del ejercicio f\u00edsico en la prevenci\u00f3n de enfermedades del coraz\u00f3n\u200b.<\/p>\n<a href=\"https:\/\/cardiologiauio.com\/index.php\/preguntas-frecuentes\/\" class=\"button primary is-outline\"  style=\"border-radius:99px;padding:10px 5% 10px 5%;\">\n\t\t<span>Saber m\u00e1s<\/span>\n\t<\/a>\n\n\t\t<\/div>\n\t\t\t\t\t<\/div>\n\n\t\n<\/div>\n\t\t<\/div>\n\n\t\t\n<style>\n#section_2025525386 {\n  padding-top: 30px;\n  padding-bottom: 30px;\n}\n<\/style>\n\t<\/section>\n\t\n\n\t<section class=\"section\" id=\"section_186475359\">\n\t\t<div class=\"section-bg fill\" >\n\t\t\t\t\t\t\t\t\t\n\t\t\t\n\n\t\t<\/div>\n\n\t\t\n\n\t\t<div class=\"section-content relative\">\n\t\t\t\n<div class=\"row row-collapse\"  id=\"row-1608901176\">\n\n\t<div id=\"col-1945349012\" class=\"col small-12 large-12\"  >\n\t\t\t\t<div class=\"col-inner\"  >\n\t\t\t\n\t<div class=\"is-border\"\n\t\tstyle=\"border-color:rgb(208, 208, 208);border-radius:37px;border-width:2px 2px 2px 2px;\">\n\t<\/div>\n\t\t\t\n<div class=\"row row-dashed\"  id=\"row-1066040106\">\n\n\t<div id=\"col-1064204428\" class=\"col medium-6 small-12 large-6\"  >\n\t\t\t\t<div class=\"col-inner\"  >\n\t\t\t\n\t\t\t\n\n\t\t<div class=\"icon-box featured-box icon-box-center text-center\"  >\n\t\t\t\t\t<div class=\"icon-box-img\" style=\"width: 115px\">\n\t\t\t\t<div class=\"icon\">\n\t\t\t\t\t<div class=\"icon-inner\" >\n\t\t\t\t\t\t<img loading=\"lazy\" decoding=\"async\" width=\"1\" height=\"1\" src=\"https:\/\/cardiologiauio.com\/wp-content\/uploads\/2024\/09\/electrocardiograma.svg\" class=\"attachment-medium size-medium\" alt=\"\" \/>\t\t\t\t\t<\/div>\n\t\t\t\t<\/div>\n\t\t\t<\/div>\n\t\t\t\t<div class=\"icon-box-text last-reset\">\n\t\t\t<h5 class=\"uppercase\">Servicio de Cardiolog\u00eda Cl\u00ednica<\/h5>\t\t\t\t\t\t\n<p style=\"text-align: justify;\">En nuestra cl\u00ednica ofrecemos una evaluaci\u00f3n cardiol\u00f3gica completa para la prevenci\u00f3n y diagn\u00f3stico de enfermedades del coraz\u00f3n. Realizamos electrocardiogramas, pruebas de esfuerzo y chequeos prequir\u00fargicos para garantizar la salud cardiovascular antes de cualquier intervenci\u00f3n. Tambi\u00e9n contamos con monitoreos avanzados como el MAPA, que mide la presi\u00f3n arterial durante 24 horas, y el Holter, que registra las arritmias card\u00edacas de 24 a 72 horas. Estos servicios est\u00e1n dise\u00f1ados para detectar y tratar afecciones de manera temprana y precisa, asegurando el mejor cuidado para tu coraz\u00f3n. Aseguramos un monitoreo preciso y preventivo, enfocado en evitar complicaciones y preservar la salud cardiovascular integral.<\/p>\n<p style=\"text-align: justify;\">\u00a0<\/p>\n\t\t<\/div>\n\t<\/div>\n\t\n\t\n\t\t<\/div>\n\t\t\t\t\t<\/div>\n\n\t\n\n\t<div id=\"col-397741957\" class=\"col medium-6 small-12 large-6\"  >\n\t\t\t\t<div class=\"col-inner\"  >\n\t\t\t\n\t\t\t\n\n\t\t<div class=\"icon-box featured-box icon-box-center text-center\"  >\n\t\t\t\t\t<div class=\"icon-box-img\" style=\"width: 115px\">\n\t\t\t\t<div class=\"icon\">\n\t\t\t\t\t<div class=\"icon-inner\" >\n\t\t\t\t\t\t<img loading=\"lazy\" decoding=\"async\" width=\"1\" height=\"1\" src=\"https:\/\/cardiologiauio.com\/wp-content\/uploads\/2024\/09\/ecocardiograma.svg\" class=\"attachment-medium size-medium\" alt=\"\" \/>\t\t\t\t\t<\/div>\n\t\t\t\t<\/div>\n\t\t\t<\/div>\n\t\t\t\t<div class=\"icon-box-text last-reset\">\n\t\t\t<h5 class=\"uppercase\">Servicio de Cardiolog\u00eda Intervencionista<\/h5>\t\t\t\t\t\t\n<p style=\"text-align: justify;\">Ofrecemos procedimientos avanzados para el tratamiento invasivo de enfermedades card\u00edacas complejas. Nuestros especialistas estan capacitados para realizar implantes de stents, tratar infartos y angina de pecho, y abordar lesiones coronarias complejas como las oclusiones cr\u00f3nicas. Tambi\u00e9n tratamos enfermedades estructurales del coraz\u00f3n mediante procedimientos como el implante de v\u00e1lvulas percut\u00e1neas (TAVI) y el cierre de malformaciones cong\u00e9nitas, como la comunicaci\u00f3n interauricular e interventricular. Adem\u00e1s, contamos con tratamientos de prevenci\u00f3n de accidentes cerebrovasculares, como el cierre de foramen oval permeable y de orejuela izquierda, asegurando un enfoque integral y personalizado para cada paciente.<\/p>\n\t\t<\/div>\n\t<\/div>\n\t\n\t\n\t\t<\/div>\n\t\t\t\t\t<\/div>\n\n\t\n<\/div>\n\t\t<\/div>\n\t\t\t\t\n<style>\n#col-1945349012 > .col-inner {\n  padding: 2% 2% 2% 2%;\n}\n<\/style>\n\t<\/div>\n\n\t\n<\/div>\n\t\t<\/div>\n\n\t\t\n<style>\n#section_186475359 {\n  padding-top: 30px;\n  padding-bottom: 30px;\n}\n<\/style>\n\t<\/section>\n\t\n\n\t<section class=\"section\" id=\"section_90483888\">\n\t\t<div class=\"section-bg fill\" >\n\t\t\t\t\t\t\t\t\t\n\t\t\t\n\n\t\t<\/div>\n\n\t\t\t<div class=\"ux-shape-divider ux-shape-divider--top ux-shape-divider--style-curve-opacity\">\n\t\t<svg viewBox=\"0 0 1000 100\" xmlns=\"http:\/\/www.w3.org\/2000\/svg\" preserveAspectRatio=\"none\">\n\t\t<path class=\"ux-shape-fill\" opacity=\"0.15\" d=\"M0 14C0 14 88.64 17.48 300 50C560 90 814 77 1003 40L1015 68L1018 104H0V14Z\"\/>\n\t\t<path class=\"ux-shape-fill\" opacity=\"0.3\" d=\"M0 45C0 45 271 90.13 500 77C657 68 830 30 1015 14V100H0V45Z\"\/>\n\t\t<path class=\"ux-shape-fill\" d=\"M0 58C0 58 188.29 90 508 90C798 90 1002 55 1002 55V100H0V58Z\"\/>\n<\/svg>\n\t<\/div>\n\n\n\t\t<div class=\"section-content relative\">\n\t\t\t\n<div class=\"row align-middle align-center\"  id=\"row-2142927110\">\n\n\t<div id=\"col-1734252899\" class=\"col medium-6 small-12 large-6\"  >\n\t\t\t\t<div class=\"col-inner\"  >\n\t\t\t\n\t\t\t\n\t<div id=\"text-2844946314\" class=\"text\">\n\t\t\n<h2>\u00bfSufres de uno o m\u00e1s de los <span style=\"color: #e2211c;\"><strong>siguientes s\u00edntomas<\/strong><\/span>?<\/h2>\n\t\t\n<style>\n#text-2844946314 {\n  font-size: 1.3rem;\n}\n@media (min-width:550px) {\n  #text-2844946314 {\n    font-size: 2.2rem;\n  }\n}\n<\/style>\n\t<\/div>\n\t\n<ul>\n<li style=\"text-align: justify;\"><strong>Dolor en el pecho<\/strong> (angina de pecho), especialmente si es recurrente o empeora con el esfuerzo.<\/li>\n<li style=\"text-align: justify;\"><strong>Falta de aire<\/strong> o dificultad para respirar, incluso en situaciones de reposo o actividad moderada.<\/li>\n<li style=\"text-align: justify;\"><strong>Palpitaciones<\/strong> o irregularidades en el ritmo card\u00edaco, como sentir que el coraz\u00f3n late muy r\u00e1pido, muy lento o de manera irregular.<\/li>\n<li style=\"text-align: justify;\"><strong>Mareos o desmayos<\/strong> frecuentes sin una causa aparente, que pueden estar relacionados con problemas card\u00edacos.<\/li>\n<li style=\"text-align: justify;\"><strong>Presi\u00f3n arterial alta<\/strong> que no responde a tratamientos habituales o empeora con el tiempo.<\/li>\n<\/ul>\n<p style=\"text-align: justify;\">Estos s\u00edntomas pueden ser se\u00f1ales de condiciones card\u00edacas graves que requieren un diagn\u00f3stico y tratamiento especializado. Este podr\u00eda ser el momento de buscar la ayuda de un cardi\u00f3logo como el Dr. Juan Carlos Gaibor, quien puede evaluar tus s\u00edntomas y ayudarte a recuperar el control de tu salud.<\/p>\n<a href=\"https:\/\/api.whatsapp.com\/send?phone=593959744207\" class=\"button primary is-outline\"  style=\"border-radius:99px;padding:10px 5% 10px 5%;\">\n\t\t<span>Agenda tu cita<\/span>\n\t<\/a>\n\n\t\t<\/div>\n\t\t\t\t\t<\/div>\n\n\t\n\n\t<div id=\"col-2056890704\" class=\"col medium-6 large-6\"  >\n\t\t\t\t<div class=\"col-inner\"  >\n\t\t\t\n\t\t\t\n\t<div class=\"img has-hover cardio x md-x lg-x y md-y lg-y\" id=\"image_1309033505\">\n\t\t\t\t\t\t\t\t<div class=\"img-inner image-cover dark\" style=\"padding-top:100%;\">\n\t\t\t<img loading=\"lazy\" decoding=\"async\" width=\"2080\" height=\"1386\" src=\"https:\/\/cardiologiauio.com\/wp-content\/uploads\/2024\/09\/cardiologiauio-Quito-cardiologia-57.jpg\" class=\"attachment-original size-original\" alt=\"\" srcset=\"https:\/\/cardiologiauio.com\/wp-content\/uploads\/2024\/09\/cardiologiauio-Quito-cardiologia-57.jpg 2080w, https:\/\/cardiologiauio.com\/wp-content\/uploads\/2024\/09\/cardiologiauio-Quito-cardiologia-57-300x200.jpg 300w, https:\/\/cardiologiauio.com\/wp-content\/uploads\/2024\/09\/cardiologiauio-Quito-cardiologia-57-1024x682.jpg 1024w, https:\/\/cardiologiauio.com\/wp-content\/uploads\/2024\/09\/cardiologiauio-Quito-cardiologia-57-768x512.jpg 768w, https:\/\/cardiologiauio.com\/wp-content\/uploads\/2024\/09\/cardiologiauio-Quito-cardiologia-57-1536x1024.jpg 1536w, https:\/\/cardiologiauio.com\/wp-content\/uploads\/2024\/09\/cardiologiauio-Quito-cardiologia-57-2048x1365.jpg 2048w\" sizes=\"auto, (max-width: 2080px) 100vw, 2080px\" \/>\t\t\t\t\t\t\n\t\t\t\t\t<\/div>\n\t\t\t\t\t\t\t\t\n<style>\n#image_1309033505 {\n  width: 100%;\n}\n<\/style>\n\t<\/div>\n\t\n\t\t<\/div>\n\t\t\t\t\t<\/div>\n\n\t\n<\/div>\n\t\t<\/div>\n\n\t\t\n<style>\n#section_90483888 {\n  padding-top: 30px;\n  padding-bottom: 30px;\n}\n#section_90483888 .ux-shape-divider--top svg {\n  height: 150px;\n  --divider-top-width: 100%;\n}\n<\/style>\n\t<\/section>\n\t\n\n\t<section class=\"section\" id=\"section_471972425\">\n\t\t<div class=\"section-bg fill\" >\n\t\t\t\t\t\t\t\t\t\n\t\t\t\n\n\t\t<\/div>\n\n\t\t\n\n\t\t<div class=\"section-content relative\">\n\t\t\t\n<div class=\"row align-center\"  id=\"row-64803647\">\n\n\t<div id=\"col-1226520640\" class=\"col medium-11 small-12 large-11\"  >\n\t\t\t\t<div class=\"col-inner text-center dark\" style=\"background-color:#e2211c;\" >\n\t\t\t\n\t\t\t\n<div class=\"row\"  id=\"row-1744820700\">\n\n\t<div id=\"col-1688163492\" class=\"col medium-8 small-12 large-8\"  >\n\t\t\t\t<div class=\"col-inner\"  >\n\t\t\t\n\t\t\t\n\t<div id=\"text-1748054455\" class=\"text\">\n\t\t\n<h2>Ninguno de estos es tu verdadero problema. Descubramos qu\u00e9 los est\u00e1 causando realmente.<\/h2>\n\t\t\n<style>\n#text-1748054455 {\n  font-size: 1.25rem;\n}\n<\/style>\n\t<\/div>\n\t\n\t\t<\/div>\n\t\t\t\t\t<\/div>\n\n\t\n<\/div>\n<a href=\"https:\/\/api.whatsapp.com\/send?phone=593959744207\" class=\"button white is-outline\"  style=\"border-radius:99px;padding:10px 5% 10px 5%;\">\n\t\t<span>Agenda tu cita<\/span>\n\t<\/a>\n\n\t\t<\/div>\n\t\t\t\t\n<style>\n#col-1226520640 > .col-inner {\n  padding: 5% 5% 5% 5%;\n  border-radius: 100px;\n}\n<\/style>\n\t<\/div>\n\n\t\n<\/div>\n\t\t<\/div>\n\n\t\t\n<style>\n#section_471972425 {\n  padding-top: 30px;\n  padding-bottom: 30px;\n}\n<\/style>\n\t<\/section>\n\t\n","protected":false},"excerpt":{"rendered":"","protected":false},"author":1,"featured_media":0,"parent":0,"menu_order":0,"comment_status":"closed","ping_status":"closed","template":"","meta":{"_joinchat":[],"footnotes":""},"class_list":["post-15","page","type-page","status-publish","hentry"],"_links":{"self":[{"href":"https:\/\/cardiologiauio.com\/index.php\/wp-json\/wp\/v2\/pages\/15","targetHints":{"allow":["GET"]}}],"collection":[{"href":"https:\/\/cardiologiauio.com\/index.php\/wp-json\/wp\/v2\/pages"}],"about":[{"href":"https:\/\/cardiologiauio.com\/index.php\/wp-json\/wp\/v2\/types\/page"}],"author":[{"embeddable":true,"href":"https:\/\/cardiologiauio.com\/index.php\/wp-json\/wp\/v2\/users\/1"}],"replies":[{"embeddable":true,"href":"https:\/\/cardiologiauio.com\/index.php\/wp-json\/wp\/v2\/comments?post=15"}],"version-history":[{"count":60,"href":"https:\/\/cardiologiauio.com\/index.php\/wp-json\/wp\/v2\/pages\/15\/revisions"}],"predecessor-version":[{"id":206,"href":"https:\/\/cardiologiauio.com\/index.php\/wp-json\/wp\/v2\/pages\/15\/revisions\/206"}],"wp:attachment":[{"href":"https:\/\/cardiologiauio.com\/index.php\/wp-json\/wp\/v2\/media?parent=15"}],"curies":[{"name":"wp","href":"https:\/\/api.w.org\/{rel}","templated":true}]}}